{"id":965,"date":"2013-04-26T15:54:27","date_gmt":"2013-04-26T15:54:27","guid":{"rendered":"http:\/\/theupsstore.ca\/?page_id=965"},"modified":"2015-11-26T12:23:39","modified_gmt":"2015-11-26T17:23:39","slug":"garantie","status":"publish","type":"page","link":"https:\/\/www.theupsstore.ca\/fr\/services\/emballage-expedition\/garantie\/","title":{"rendered":"Garantie d\u2019emballage et d\u2019exp\u00e9dition"},"content":{"rendered":"<div class=\"wp-editor-content\"><p>Nous savons combien vos envois sont importants. \u00c0 The UPS Store, nous ne prenons pas cette r\u00e9alit\u00e9 \u00e0 la l\u00e9g\u00e8re. Nos experts certifi\u00e9s en emballage sont pass\u00e9s ma\u00eetres dans la protection de vos colis. C\u2019est pourquoi nous r\u00e9pondons fi\u00e8rement de nos services.<\/p>\n\t\t<div class=\"find horizontal-widget long span-12 \">\n                    <div class=\"title\">\n                            <h2>Trouver un magasin<\/h2>\n                    <\/div>\n                    <div class=\"find-widget-content\">\n                        <span class=\"find-widget-header-text\"><i class=\"fa fa-map-marker\"><\/i>Trouver un magasin:<\/span>\n                        <span class=\"tile kit-text span-2 form-text\"><strong>Entrez votre Adresse, Ville, Province ou Code Postal:<\/strong><\/span>\n                        <span class=\"tile horizontal-search \">\n                            <span id=\"searchbox\">\n                                <form action=\"\/fr\/localisateur\/\" method=\"post\" name=\"FindLocationForm\" class=\"findLocationForm\">\n\t<input name=\"FindLocationTextBox\" type=\"text\" maxlength=\"100\"  class=\"form_box findLocationTextBox\">\n\t<input type=\"hidden\" value=\"\" name=\"lat\" class=\"findLocationLat\"\/>\n\t<input type=\"hidden\" value=\"\" name=\"lng\" class=\"findLocationLng\"\/>\n    <button type=\"submit\" name=\"FindLocationButton\" class=\"search_submit button findLocationButton\"><i class=\"fa fa-search\"><\/i><\/button>\n<\/form>                            <\/span>\n                        <\/span>\n                        <div class=\"clearfix\"><\/div>\n                        <div class=\"tile kit-text span-2\"><\/div>\n                    <\/div>\n\t\t<\/div>\n\t\t\n<h2>Notre Garantie d\u2019emballage et d\u2019exp\u00e9dition<\/h2>\n<p>En cas de perte ou d\u2019endommagement d\u2019un article emball\u00e9 par un associ\u00e9 de nos centres participants et exp\u00e9di\u00e9 par UPS<sup>MD<\/sup>, nous vous rembourserons:<\/p>\n<ul>\n<li>La valeur de l\u2019article (selon le moindre de ces montants: prix r\u00e9el, co\u00fbt de remplacement ou co\u00fbt de r\u00e9paration de l\u2019article) ;<\/li>\n<li>Le plein prix de d\u00e9tail des fournitures et des services d\u2019emballage ;<\/li>\n<li>Les co\u00fbts d\u2019exp\u00e9dition (\u00e0 l\u2019exception de la protection pour la valeur d\u00e9clar\u00e9e).<\/li>\n<\/ul>\n<p>Si vous n\u2019avez pas d\u00e9clar\u00e9 la valeur d\u2019un article au moment de la transaction et souscrit la protection de valeur d\u00e9clar\u00e9e, votre envoi pourrait ne pas \u00eatre rembours\u00e9.<\/p>\n<p>La Garantie d\u2019emballage et d\u2019exp\u00e9dition s\u2019applique aux envois emball\u00e9s par un associ\u00e9 d\u2019un centre participant The UPS Store \u00e0 l\u2019aide de fournitures neuves achet\u00e9es \u00e0 ce centre ; exp\u00e9di\u00e9s par UPS<sup>MD<\/sup> \u00e0 destination du Canada ou de l\u2019\u00e9tranger \u00e0 partir d\u2019un compte UPS<sup>MD<\/sup> d\u00e9tenu au centre The UPS Store qui a effectu\u00e9 l\u2019emballage.*<\/p>\n<p>*<em>Des frais additionnels peuvent s&rsquo;appliquer.\u00a0Sous r\u00e9serve de certaines restrictions g\u00e9ographiques. Voir tous les d\u00e9tails en magasin.<\/em><\/p>\n<p><strong>La Garantie d\u2019emballage et d\u2019exp\u00e9dition ne s\u2019applique pas aux envois:<\/strong><\/p>\n<ul>\n<li>Exp\u00e9di\u00e9s \u00e0 partir du site UPS.ca ou de votre compte Mon UPS<sup>MD<\/sup><\/li>\n<li>Emball\u00e9s par vous<\/li>\n<li>Emball\u00e9s \u00e0 l\u2019aide de mat\u00e9riaux fournis gratuitement par une entreprise de messagerie<\/li>\n<li>Dont l\u2019exp\u00e9dition fait l\u2019objet d\u2019une exclusion ou de restrictions impos\u00e9es par UPS<sup>MD<\/sup> ou contrevient aux Modalit\u00e9s et conditions du service UPS<sup>MD<\/sup><\/li>\n<\/ul>\n\t\t<div class=\"track horizontal-widget long span-12  tracking-shortcode\">\n                        <h2>Suivi de Colis<\/h2>\n\t\t\t<div class=\"tracking\">\n\t\t\t\t<div id=\"searchbox\" class=\"tracking-box\">\n\t\t\t\t\t<form action=\"https:\/\/www.theupsstore.ca\/track\/\" method=\"get\" onsubmit=\"location.href='https:\/\/www.theupsstore.ca\/track\/' + encodeURIComponent(this.tracking_number.value).replace(\/%20\/g, '+'); return false;\" >\n\t<label for=\"tracking_number\">Num\u00e9ro de suivi &nbsp;<\/label>\n\t<input type=\"text\" name=\"tracking_number\" class=\"form_box\" \/>\n\t<input type=\"submit\" name=\"TrackPackageButton\" id=\"TrackPackageButton\" class=\"gray-button-large\" value=\"Suivi\">\n<\/form>\t\t\t\t<\/div>\n\t\t\t<\/div>\n\t\t\t<div class=\"tile kit-text span-2\"><\/div>\n\t\t<\/div>\n\t\t\n<h3 id=\"questions-courantes-sur-la-garantie-d%e2%80%99emballage-et-d%e2%80%99exp%c3%a9dition-title\" >Questions courantes sur la Garantie d\u2019emballage et d\u2019exp\u00e9dition<\/h3><ul id=\"questions-courantes-sur-la-garantie-d%e2%80%99emballage-et-d%e2%80%99exp%c3%a9dition\" class=\"accordion\"><\/p>\n<p><li><h3 class=\"faq-question\"><span class=\"faq-toggle\"><i class=\"fa fa-plus\"><\/i><\/span><span class=\"faq-question-text\">Comment savoir si un centre The UPS Store offre la Garantie d\u2019emballage et d\u2019exp\u00e9dition ?<\/span><\/h3><span class=\"faq-answer\"><p>\nAppelez et demandez \u00e0 un associ\u00e9 du centre si <a href=\"http:\/\/www.theupsstore.ca\/fr\/services\/emballage-expedition\/garantie\/\">la Garantie d\u2019emballage<\/a> et d\u2019exp\u00e9dition y est offerte.<br \/>\n<\/p><\/span><\/li><\/p>\n<p><li><h3 class=\"faq-question\"><span class=\"faq-toggle\"><i class=\"fa fa-plus\"><\/i><\/span><span class=\"faq-question-text\">Comment puis-je me pr\u00e9valoir de la Garantie d\u2019emballage et d\u2019exp\u00e9dition ?<\/span><\/h3><span class=\"faq-answer\"><p><\/p>\n<p>Il suffit d\u2019apporter votre article \u00e0 l\u2019un de nos centres participants, et nos experts certifi\u00e9s en emballage s\u2019occuperont du reste. Nous emballerons votre article de mani\u00e8re professionnelle et l\u2019exp\u00e9dierons par UPS<sup>MD<\/sup>. Assurez-vous de conna\u00eetre la valeur de l\u2019article pour profiter de cette garantie.<br \/>\n<\/p><\/span><\/li><\/p>\n<p><li><h3 class=\"faq-question\"><span class=\"faq-toggle\"><i class=\"fa fa-plus\"><\/i><\/span><span class=\"faq-question-text\">Dois-je d\u00e9bourser un suppl\u00e9ment pour me pr\u00e9valoir de la Garantie d\u2019emballage et d\u2019exp\u00e9dition ?<\/span><\/h3><span class=\"faq-answer\"><p>\nOui. Les associ\u00e9s du centre vous donneront les co\u00fbts pour l\u2019envoi de votre colis.<br \/>\n<\/p><\/span><\/li><\/p>\n<p><\/ul>\n<p><a title=\"Questions courantes sur la Garantie d\u2019emballage et d\u2019exp\u00e9dition\" href=\"http:\/\/www.theupsstore.ca\/fr\/service-a-la-clientele\/faq\/#questions-courantes-sur-la-garantie-d%e2%80%99emballage-et-d%e2%80%99exp%c3%a9dition-title\">Voir toutes les questions courantes sur la Garantie d\u2019emballage et d\u2019exp\u00e9dition<\/a><\/p>\n<\/div>","protected":false},"excerpt":{"rendered":"<p>Nous savons combien vos envois sont importants. \u00c0 The UPS Store, nous ne prenons pas cette r\u00e9alit\u00e9 \u00e0 la l\u00e9g\u00e8re. Nos experts certifi\u00e9s en emballage sont pass\u00e9s ma\u00eetres dans la protection de vos colis. C\u2019est pourquoi nous r\u00e9pondons fi\u00e8rement de nos services. Notre Garantie d\u2019emballage et d\u2019exp\u00e9dition En cas de perte ou d\u2019endommagement d\u2019un article &hellip; <a href=\"https:\/\/www.theupsstore.ca\/fr\/services\/emballage-expedition\/garantie\/\">Continued<\/a><\/p>\n","protected":false},"author":4,"featured_media":0,"parent":947,"menu_order":0,"comment_status":"closed","ping_status":"closed","template":"","meta":{"footnotes":""},"class_list":["post-965","page","type-page","status-publish","hentry"],"_links":{"self":[{"href":"https:\/\/www.theupsstore.ca\/fr\/wp-json\/wp\/v2\/pages\/965","targetHints":{"allow":["GET"]}}],"collection":[{"href":"https:\/\/www.theupsstore.ca\/fr\/wp-json\/wp\/v2\/pages"}],"about":[{"href":"https:\/\/www.theupsstore.ca\/fr\/wp-json\/wp\/v2\/types\/page"}],"author":[{"embeddable":true,"href":"https:\/\/www.theupsstore.ca\/fr\/wp-json\/wp\/v2\/users\/4"}],"replies":[{"embeddable":true,"href":"https:\/\/www.theupsstore.ca\/fr\/wp-json\/wp\/v2\/comments?post=965"}],"version-history":[{"count":0,"href":"https:\/\/www.theupsstore.ca\/fr\/wp-json\/wp\/v2\/pages\/965\/revisions"}],"up":[{"embeddable":true,"href":"https:\/\/www.theupsstore.ca\/fr\/wp-json\/wp\/v2\/pages\/947"}],"wp:attachment":[{"href":"https:\/\/www.theupsstore.ca\/fr\/wp-json\/wp\/v2\/media?parent=965"}],"curies":[{"name":"wp","href":"https:\/\/api.w.org\/{rel}","templated":true}]}}