{"id":962,"date":"2013-04-26T15:43:20","date_gmt":"2013-04-26T15:43:20","guid":{"rendered":"http:\/\/theupsstore.ca\/?page_id=962"},"modified":"2013-05-13T20:25:59","modified_gmt":"2013-05-13T20:25:59","slug":"fournitures-demenagement","status":"publish","type":"page","link":"https:\/\/www.theupsstore.ca\/fr\/services\/emballage-expedition\/fournitures-demenagement\/","title":{"rendered":"Fournitures de d\u00e9m\u00e9nagement"},"content":{"rendered":"<div class=\"wp-editor-content\"><h2>The UPS Store, des solutions qui d\u00e9m\u00e9nagent!<\/h2>\n<p>The UPS Store\u00a0est un guichet unique o\u00f9 trouver de l\u2019assistance et des fournitures de d\u00e9m\u00e9nagement : bo\u00eetes de carton, couvertures, film \u00e0 bulles d\u2019air, flocons de styromousse, ruban adh\u00e9sif et bien plus encore. Si vous avez besoin de conseils d\u2019experts sur les fournitures d\u2019emballage et de d\u00e9m\u00e9nagement ou si vous souhaitez faire emballer des objets fragiles ou de valeur, laissez The UPS Store s\u2019occuper de tout.<\/p>\n\t\t<div class=\"find horizontal-widget long span-12 \">\n                    <div class=\"title\">\n                            <h2>Trouver un magasin<\/h2>\n                    <\/div>\n                    <div class=\"find-widget-content\">\n                        <span class=\"find-widget-header-text\"><i class=\"fa fa-map-marker\"><\/i>Trouver un magasin:<\/span>\n                        <span class=\"tile kit-text span-2 form-text\"><strong>Entrez votre Adresse, Ville, Province ou Code Postal:<\/strong><\/span>\n                        <span class=\"tile horizontal-search \">\n                            <span id=\"searchbox\">\n                                <form action=\"\/fr\/localisateur\/\" method=\"post\" name=\"FindLocationForm\" class=\"findLocationForm\">\n\t<input name=\"FindLocationTextBox\" type=\"text\" maxlength=\"100\"  class=\"form_box findLocationTextBox\">\n\t<input type=\"hidden\" value=\"\" name=\"lat\" class=\"findLocationLat\"\/>\n\t<input type=\"hidden\" value=\"\" name=\"lng\" class=\"findLocationLng\"\/>\n    <button type=\"submit\" name=\"FindLocationButton\" class=\"search_submit button findLocationButton\"><i class=\"fa fa-search\"><\/i><\/button>\n<\/form>                            <\/span>\n                        <\/span>\n                        <div class=\"clearfix\"><\/div>\n                        <div class=\"tile kit-text span-2\"><\/div>\n                    <\/div>\n\t\t<\/div>\n\t\t\n<h2>Fournitures d\u2019emballage et de d\u00e9m\u00e9nagement<\/h2>\n<p>Les centres The UPS Store vous offrent des conseils professionnels sur les fournitures de d\u00e9m\u00e9nagement et d\u2019emballage. Nos experts certifi\u00e9s peuvent vous aider \u00e0 d\u00e9terminer le nombre de bo\u00eetes dont vous avez besoin et quelles fournitures d\u2019emballage conviennent le mieux aux articles que vous d\u00e9m\u00e9nagez.<\/p>\n<p>Besoin de petites ou de grandes bo\u00eetes en carton ? The UPS Store a la solution qu\u2019il vous faut. Nous offrons des bo\u00eetes de d\u00e9m\u00e9nagement de type professionnel de tous formats ainsi que tous les mat\u00e9riaux n\u00e9cessaires \u00e0 l\u2019emballage comme le ruban, le film \u00e0 bulles d\u2019air et les flocons de styromousse. Nous pouvons m\u00eame fabriquer des bo\u00eetes sur mesure pour les articles de forme sp\u00e9ciale.<\/p>\n<p><strong>Petit ou grand, on en fait notre affaire!<\/strong><\/p>\n<p>Vous pr\u00e9f\u00e9rez confier le d\u00e9m\u00e9nagement de vos articles volumineux \u00e0 des professionnels ? Nous pouvons exp\u00e9dier des articles aussi gros qu\u2019une table de billard, une horloge grand-p\u00e8re ou m\u00eame une moto ou une voiture ! La plupart de nos centres offrent des services de transport \u00e0 prix concurrentiel pour vos envois, peu importe leur taille.<\/p>\n<h3 id=\"questions-courantes-sur-l%e2%80%99emballage-title\" >Questions courantes sur l\u2019emballage<\/h3><ul id=\"questions-courantes-sur-l%e2%80%99emballage\" class=\"accordion\"><\/p>\n<p><li><h3 class=\"faq-question\"><span class=\"faq-toggle\"><i class=\"fa fa-plus\"><\/i><\/span><span class=\"faq-question-text\">Pouvez-vous emballer mon ou mes articles?<\/span><\/h3><span class=\"faq-answer\"><p>\nOui. Nos professionnels de l\u2019emballage prennent bien soin de prot\u00e9ger vos articles avant de les exp\u00e9dier. Nous respectons des normes de qualit\u00e9 strictes afin que votre colis arrive \u00e0 bon port.<br \/>\n<\/p><\/span><\/li><\/p>\n<p><li><h3 class=\"faq-question\"><span class=\"faq-toggle\"><i class=\"fa fa-plus\"><\/i><\/span><span class=\"faq-question-text\">Puis-je acheter du mat\u00e9riel d\u2019emballage \u00e0 The UPS Store?<\/span><\/h3><span class=\"faq-answer\"><p>\nNous offrons une vaste gamme de fournitures et de mat\u00e9riel d\u2019emballage, notamment des enveloppes, des bo\u00eetes, du film \u00e0 bulle d\u2019air, des flocons de styromousse et du ruban adh\u00e9sif. Demandez conseil \u00e0 nos experts en emballage pour savoir quelles fournitures r\u00e9pondront le mieux \u00e0 vos besoins.s.<br \/>\n<\/p><\/span><\/li><\/p>\n<p><li><h3 class=\"faq-question\"><span class=\"faq-toggle\"><i class=\"fa fa-plus\"><\/i><\/span><span class=\"faq-question-text\">Combien co\u00fbtent vos services et votre mat\u00e9riel d\u2019emballage?<\/span><\/h3><span class=\"faq-answer\"><p>\nComme nos centres sont d\u00e9tenus et exploit\u00e9s par des franchis\u00e9s ind\u00e9pendants, les prix peuvent varier. Communiquez avec le centre le plus pr\u00e8s pour conna\u00eetre les prix.<br \/>\n<\/p><\/span><\/li><\/p>\n<p><\/ul>\n<p><a href=\"http:\/\/www.theupsstore.ca\/fr\/service-a-la-clientele\/faq\/#questions-courantes-sur-l%e2%80%99emballage-title\">Voir toutes les questions courantes sur l\u2019emballage<\/a><br \/>\n&nbsp;<\/p>\n<\/div>","protected":false},"excerpt":{"rendered":"<p>The UPS Store, des solutions qui d\u00e9m\u00e9nagent! The UPS Store\u00a0est un guichet unique o\u00f9 trouver de l\u2019assistance et des fournitures de d\u00e9m\u00e9nagement : bo\u00eetes de carton, couvertures, film \u00e0 bulles d\u2019air, flocons de styromousse, ruban adh\u00e9sif et bien plus encore. Si vous avez besoin de conseils d\u2019experts sur les fournitures d\u2019emballage et de d\u00e9m\u00e9nagement ou &hellip; <a href=\"https:\/\/www.theupsstore.ca\/fr\/services\/emballage-expedition\/fournitures-demenagement\/\">Continued<\/a><\/p>\n","protected":false},"author":4,"featured_media":0,"parent":947,"menu_order":0,"comment_status":"closed","ping_status":"closed","template":"","meta":{"footnotes":""},"class_list":["post-962","page","type-page","status-publish","hentry"],"_links":{"self":[{"href":"https:\/\/www.theupsstore.ca\/fr\/wp-json\/wp\/v2\/pages\/962","targetHints":{"allow":["GET"]}}],"collection":[{"href":"https:\/\/www.theupsstore.ca\/fr\/wp-json\/wp\/v2\/pages"}],"about":[{"href":"https:\/\/www.theupsstore.ca\/fr\/wp-json\/wp\/v2\/types\/page"}],"author":[{"embeddable":true,"href":"https:\/\/www.theupsstore.ca\/fr\/wp-json\/wp\/v2\/users\/4"}],"replies":[{"embeddable":true,"href":"https:\/\/www.theupsstore.ca\/fr\/wp-json\/wp\/v2\/comments?post=962"}],"version-history":[{"count":0,"href":"https:\/\/www.theupsstore.ca\/fr\/wp-json\/wp\/v2\/pages\/962\/revisions"}],"up":[{"embeddable":true,"href":"https:\/\/www.theupsstore.ca\/fr\/wp-json\/wp\/v2\/pages\/947"}],"wp:attachment":[{"href":"https:\/\/www.theupsstore.ca\/fr\/wp-json\/wp\/v2\/media?parent=962"}],"curies":[{"name":"wp","href":"https:\/\/api.w.org\/{rel}","templated":true}]}}