{"id":959,"date":"2013-04-26T15:17:43","date_gmt":"2013-04-26T15:17:43","guid":{"rendered":"http:\/\/theupsstore.ca\/?page_id=959"},"modified":"2025-08-29T14:49:03","modified_gmt":"2025-08-29T18:49:03","slug":"livraison-canada","status":"publish","type":"page","link":"https:\/\/www.theupsstore.ca\/fr\/services\/emballage-expedition\/livraison-canada\/","title":{"rendered":"Livraison int\u00e9rieure"},"content":{"rendered":"<div class=\"wp-editor-content\"><p><a href=\"\"><img loading=\"lazy\" decoding=\"async\" class=\"aligncenter size-full wp-image-82511\" src=\"https:\/\/www.theupsstore.ca\/wp-content\/uploads\/2025\/08\/French-Banner.png\" alt=\"\" width=\"734\" height=\"150\" \/><\/a><\/p>\n<p>Vous recherchez des solutions de livraison int\u00e9rieure pour exp\u00e9dier vos colis ? Les centres The UPS Store offrent une gamme compl\u00e8te de services d\u2019exp\u00e9dition et de messagerie \u00e0 destination du Canada. Que vous souhaitiez envoyer des bo\u00eetes, des paquets ou des colis au pays, nous pouvons vous aider. Nous offrons une multitude de solutions allant de la livraison le lendemain \u00e0 la livraison par voie terrestre.<\/p>\n<p>Vous devez exp\u00e9dier des documents pour le lendemain ou vous assurer qu\u2019une importante pr\u00e9sentation sera sur le bureau de votre client avant son arriv\u00e9e le matin ? Peut-\u00eatre votre envoi est-il moins urgent et requiert-il simplement une solution de livraison standard ? Peu importe la situation, The UPS Store vous propose des services de livraison et de messagerie au Canada qui r\u00e9pondront \u00e0 vos besoins d\u2019affaires. Communiquez avec votre centre le plus pr\u00e8s pour conna\u00eetre les services offerts, les prix, les tarifs d\u2019exp\u00e9dition et les d\u00e9lais.<\/p>\n<h2>Exp\u00e9dition par voie terrestre: tarifs les plus bas maintenant \u00e0 The UPS Store.<\/h2>\n<p>Voici quelques bonnes raisons de choisir le service UPS Standard pour vos envois au Canada\u00a0:<\/p>\n<ul>\n<li>Livraison plus rapide<\/li>\n<li>Traitement de colis plus lourds et plus volumineux<\/li>\n<li>Garantie d\u2019emballage et d\u2019exp\u00e9dition\u00a0: en cas de perte ou de dommage, obtenez une couverture compl\u00e8te de vos biens, ainsi que le remboursement des frais d\u2019emballage et d\u2019exp\u00e9dition, jusqu\u2019\u00e0 concurrence de 10\u202f000\u00a0$ par colis**<\/li>\n<li>Livraison par voie terrestre possible le samedi. Vos destinataires n\u2019ont plus besoin d\u2019attendre au lundi pour recevoir leurs colis!<\/li>\n<\/ul>\n<p><em>*\u00a0Offre exclusive aux centres The UPS Store<sup>MD<\/sup> du Canada. Valide uniquement pour le service d\u2019exp\u00e9dition par voie terrestre UPS Standard au Canada. Pour que l\u2019offre s\u2019applique, l\u2019envoi doit \u00eatre effectu\u00e9 par UPS en utilisant le compte UPS du centre. L\u2019offre est valide dans les centres participants seulement, du 3\u00a0ao\u00fbt au 31\u00a0d\u00e9cembre 2025, et peut \u00eatre annul\u00e9e en tout temps. Renseignez-vous aupr\u00e8s d\u2019un associ\u00e9 pour plus de d\u00e9tails.<\/em><\/p>\n<p><em>**\u00a0Certaines conditions s\u2019appliquent. Renseignez-vous aupr\u00e8s d\u2019un associ\u00e9 pour plus de d\u00e9tails.<\/em><\/p>\n<p>&nbsp;<\/p>\n<h2>Trouvez le niveau de service qui vous convient le mieux<\/h2>\n<table class=\"feature-table\" style=\"width: 620px;\" border=\"0\" cellspacing=\"0\" cellpadding=\"0\">\n<thead>\n<tr>\n<th class=\"form-header\" colspan=\"1\"><b>D\u00e9lai de livraison<\/b><\/th>\n<th class=\"form-header\" colspan=\"1\"><b>Heure de livraison<\/b><\/th>\n<th class=\"form-header\" colspan=\"1\"><b>Service recommand\u00e9<\/b><\/th>\n<\/tr>\n<\/thead>\n<tbody>\n<tr>\n<td valign=\"top\" width=\"26%\">1 jour ouvrable<\/td>\n<td valign=\"top\" width=\"39%\">Livraison g\u00e9n\u00e9ralement effectu\u00e9e avant 9\u00a0h<\/td>\n<td valign=\"top\" width=\"35%\">UPS Express Early<\/td>\n<\/tr>\n<tr>\n<td valign=\"top\" width=\"26%\">1 jour ouvrable<\/td>\n<td valign=\"top\" width=\"39%\">Livraison g\u00e9n\u00e9ralement effectu\u00e9e avant 10\u00a0h\u00a030<\/td>\n<td valign=\"top\" width=\"35%\">UPS Express<\/td>\n<\/tr>\n<tr>\n<td valign=\"top\" width=\"26%\">1 jour ouvrable<\/td>\n<td valign=\"top\" width=\"39%\">Livraison g\u00e9n\u00e9ralement effectu\u00e9e avant 15\u00a0h<\/td>\n<td valign=\"top\" width=\"35%\">UPS Express Saver<\/td>\n<\/tr>\n<tr>\n<td valign=\"top\" width=\"26%\">2 jours ouvrables<\/td>\n<td valign=\"top\" width=\"39%\">Livraison avant la fin de la journ\u00e9e<\/td>\n<td valign=\"top\" width=\"35%\">UPS Expedited<\/td>\n<\/tr>\n<tr>\n<td valign=\"top\" width=\"26%\">Livraison flexible selon la destination de l\u2019envoi<\/td>\n<td valign=\"top\" width=\"39%\">Livraison avant la fin de la journ\u00e9e<\/td>\n<td valign=\"top\" width=\"35%\">UPS Standard<\/td>\n<\/tr>\n<\/tbody>\n<\/table>\n<p>&nbsp;<\/p>\n\t\t<div class=\"find horizontal-widget long span-12 \">\n                    <div class=\"title\">\n                            <h2>Trouver un magasin<\/h2>\n                    <\/div>\n                    <div class=\"find-widget-content\">\n                        <span class=\"find-widget-header-text\"><i class=\"fa fa-map-marker\"><\/i>Trouver un magasin:<\/span>\n                        <span class=\"tile kit-text span-2 form-text\"><strong>Entrez votre Adresse, Ville, Province ou Code Postal:<\/strong><\/span>\n                        <span class=\"tile horizontal-search \">\n                            <span id=\"searchbox\">\n                                <form action=\"\/fr\/localisateur\/\" method=\"post\" name=\"FindLocationForm\" class=\"findLocationForm\">\n\t<input name=\"FindLocationTextBox\" type=\"text\" maxlength=\"100\"  class=\"form_box findLocationTextBox\">\n\t<input type=\"hidden\" value=\"\" name=\"lat\" class=\"findLocationLat\"\/>\n\t<input type=\"hidden\" value=\"\" name=\"lng\" class=\"findLocationLng\"\/>\n    <button type=\"submit\" name=\"FindLocationButton\" class=\"search_submit button findLocationButton\"><i class=\"fa fa-search\"><\/i><\/button>\n<\/form>                            <\/span>\n                        <\/span>\n                        <div class=\"clearfix\"><\/div>\n                        <div class=\"tile kit-text span-2\"><\/div>\n                    <\/div>\n\t\t<\/div>\n\t\t\n<h2><\/h2>\n<h2><\/h2>\n<h2><\/h2>\n<h2>De quelle autre mani\u00e8re The UPS Store peut-il vous aider\u00a0?<\/h2>\n<h3>Garantie d\u2019emballage et d\u2019exp\u00e9dition<\/h3>\n<p>Ayez l\u2019esprit tranquille avec The UPS Store. En cas de perte ou d\u2019endommagement d\u2019un article emball\u00e9 par l\u2019un de nos associ\u00e9s et exp\u00e9di\u00e9 par l\u2019entremise d\u2019UPS<sup>MD<\/sup>, nous vous remboursons sa valeur (selon le moindre de ces montants : prix r\u00e9el, co\u00fbt de remplacement ou co\u00fbt de r\u00e9paration de l\u2019article), le plein prix de d\u00e9tail des fournitures et des services d\u2019emballage ainsi que les co\u00fbts d\u2019exp\u00e9dition (\u00e0 l\u2019exception de la protection pour la valeur d\u00e9clar\u00e9e). Des restrictions s\u2019appliquent. Pour tous les d\u00e9tails, consultez notre Garantie d\u2019emballage et d\u2019exp\u00e9dition *.<\/p>\n<p>*Des frais additionnels s\u2019appliquent.<\/p>\n<h3>Cueillette locale<\/h3>\n<p>Peu importe la taille ou le format de votre envoi (que ce soit une seule bo\u00eete ou tout le contenu de vos bureaux ), la plupart de nos centres peuvent se charger d\u2019en effectuer la cueillette, l\u2019emballage et l\u2019exp\u00e9dition pour vous. Les experts en emballage des centres The UPS Store et nos partenaires de messagerie offrent des services de cueillette \u00e0 prix minime.<\/p>\n<h3>Trouvez le niveau de service qui vous convient le mieux<\/h3>\n<p>Les centres The UPS Store offrent des bo\u00eetes et des enveloppes cartonn\u00e9es de plusieurs dimensions et peuvent r\u00e9pondre \u00e0 tous vos besoins de livraison.<\/p>\n<p>&nbsp;<\/p>\n\t\t<div class=\"track horizontal-widget long span-12  tracking-shortcode\">\n                        <h2>Suivi de Colis<\/h2>\n\t\t\t<div class=\"tracking\">\n\t\t\t\t<div id=\"searchbox\" class=\"tracking-box\">\n\t\t\t\t\t<form action=\"https:\/\/www.theupsstore.ca\/track\/\" method=\"get\" onsubmit=\"location.href='https:\/\/www.theupsstore.ca\/track\/' + encodeURIComponent(this.tracking_number.value).replace(\/%20\/g, '+'); return false;\" >\n\t<label for=\"tracking_number\">Num\u00e9ro de suivi &nbsp;<\/label>\n\t<input type=\"text\" name=\"tracking_number\" class=\"form_box\" \/>\n\t<input type=\"submit\" name=\"TrackPackageButton\" id=\"TrackPackageButton\" class=\"gray-button-large\" value=\"Suivi\">\n<\/form>\t\t\t\t<\/div>\n\t\t\t<\/div>\n\t\t\t<div class=\"tile kit-text span-2\"><\/div>\n\t\t<\/div>\n\t\t\n<h3><\/h3>\n<p>&nbsp;<\/p>\n<p>&nbsp;<\/p>\n<h3 id=\"questions-courantes-sur-la-livraison-interne-title\" >Questions courantes sur la livraison interne<\/h3><ul id=\"questions-courantes-sur-la-livraison-interne\" class=\"accordion\"><\/p>\n<p><li><h3 class=\"faq-question\"><span class=\"faq-toggle\"><i class=\"fa fa-plus\"><\/i><\/span><span class=\"faq-question-text\">Faites-vous la livraison des colis surdimensionn\u00e9s ou de forme sp\u00e9ciale ?<\/span><\/h3><span class=\"faq-answer\"><p><\/p>\n<p>Oui. Bon nombre de nos centres exp\u00e9dient les objets surdimensionn\u00e9s ou dont le format n\u2019est pas standard, comme les meubles. Ces articles requi\u00e8rent tr\u00e8s souvent un emballage sp\u00e9cial. C\u2019est pourquoi les centres The UPS Store ont tout ce qu\u2019il faut pour offrir un service de manutention et d\u2019emballage personnalis\u00e9: couvertures, bo\u00eetes sur mesure, caisses en bois, emballage par r\u00e9traction et palettisation. Les experts de<br \/>\nvotre centre le plus pr\u00e8s pourront vous conseiller sur les meilleures m\u00e9thodes d\u2019emballage.\u00a0<a href=\"http:\/\/www.theupsstore.ca\/fr\/localisateur\/\">Demandez-leur<\/a>\u00a0s\u2019ils offrent le service d\u2019emballage et d\u2019exp\u00e9dition des articles surdimensionn\u00e9s ou de forme sp\u00e9ciale.<br \/>\n<\/p><\/span><\/li><\/p>\n<p><li><h3 class=\"faq-question\"><span class=\"faq-toggle\"><i class=\"fa fa-plus\"><\/i><\/span><span class=\"faq-question-text\">Pouvez-vous ramasser les colis que je compte exp\u00e9dier par UPS ou une autre entreprise de messagerie ?<\/span><\/h3><span class=\"faq-answer\"><p><\/p>\n<p>Non. Toutefois, vous pouvez les d\u00e9poser au centre The UPS Store le plus pr\u00e8s, accompagn\u00e9s de leur bordereau d\u2019exp\u00e9dition. Pour pr\u00e9voir une cueillette \u00e0 votre bureau ou \u00e0 votre domicile, communiquez directement avec l\u2019entreprise de messagerie.<br \/>\n<\/p><\/span><\/li><\/p>\n<p><li><h3 class=\"faq-question\"><span class=\"faq-toggle\"><i class=\"fa fa-plus\"><\/i><\/span><span class=\"faq-question-text\">Pouvez-vous ramasser mes articles, puis les emballer et les exp\u00e9dier ?<\/span><\/h3><span class=\"faq-answer\"><p>\nPlusieurs de nos centres sont en mesure de faire la cueillette de vos articles, puis de les emballer et de les exp\u00e9dier. Toutefois, nous ne ramassons pas les colis d\u00e9j\u00e0 accompagn\u00e9s de leur bordereau d\u2019exp\u00e9dition et destin\u00e9s \u00e0 \u00eatre envoy\u00e9s par UPS ou toute autre entreprise de messagerie. Vous pouvez d\u00e9poser de tels colis au centre The UPS Store le plus pr\u00e8s. Comme nos centres sont d\u00e9tenus et exploit\u00e9s par des franchis\u00e9s ind\u00e9pendants, les services et les prix peuvent varier. Communiquez\u00a0avec <a href=\"http:\/\/www.theupsstore.ca\/fr\/localisateur\/\">le centre\u00a0le plus pr\u00e8s<\/a> pour savoir s\u2019il offre ce service.<br \/>\n<\/p><\/span><\/li><\/p>\n<p><\/ul>\n<p><a href=\"http:\/\/www.theupsstore.ca\/fr\/service-a-la-clientele\/faq\/#questions-courantes-sur-la-livraison-interne-title\">Voir toutes les questions courantes sur l\u2019emballage<\/a><\/p>\n<\/div>","protected":false},"excerpt":{"rendered":"<p>Vous recherchez des solutions de livraison int\u00e9rieure pour exp\u00e9dier vos colis ? Les centres The UPS Store offrent une gamme compl\u00e8te de services d\u2019exp\u00e9dition et de messagerie \u00e0 destination du Canada. Que vous souhaitiez envoyer des bo\u00eetes, des paquets ou des colis au pays, nous pouvons vous aider. Nous offrons une multitude de solutions allant &hellip; <a href=\"https:\/\/www.theupsstore.ca\/fr\/services\/emballage-expedition\/livraison-canada\/\">Continued<\/a><\/p>\n","protected":false},"author":4,"featured_media":70325,"parent":947,"menu_order":0,"comment_status":"closed","ping_status":"closed","template":"","meta":{"footnotes":""},"class_list":["post-959","page","type-page","status-publish","has-post-thumbnail","hentry"],"_links":{"self":[{"href":"https:\/\/www.theupsstore.ca\/fr\/wp-json\/wp\/v2\/pages\/959","targetHints":{"allow":["GET"]}}],"collection":[{"href":"https:\/\/www.theupsstore.ca\/fr\/wp-json\/wp\/v2\/pages"}],"about":[{"href":"https:\/\/www.theupsstore.ca\/fr\/wp-json\/wp\/v2\/types\/page"}],"author":[{"embeddable":true,"href":"https:\/\/www.theupsstore.ca\/fr\/wp-json\/wp\/v2\/users\/4"}],"replies":[{"embeddable":true,"href":"https:\/\/www.theupsstore.ca\/fr\/wp-json\/wp\/v2\/comments?post=959"}],"version-history":[{"count":17,"href":"https:\/\/www.theupsstore.ca\/fr\/wp-json\/wp\/v2\/pages\/959\/revisions"}],"predecessor-version":[{"id":82700,"href":"https:\/\/www.theupsstore.ca\/fr\/wp-json\/wp\/v2\/pages\/959\/revisions\/82700"}],"up":[{"embeddable":true,"href":"https:\/\/www.theupsstore.ca\/fr\/wp-json\/wp\/v2\/pages\/947"}],"wp:featuredmedia":[{"embeddable":true,"href":"https:\/\/www.theupsstore.ca\/fr\/wp-json\/wp\/v2\/media\/70325"}],"wp:attachment":[{"href":"https:\/\/www.theupsstore.ca\/fr\/wp-json\/wp\/v2\/media?parent=959"}],"curies":[{"name":"wp","href":"https:\/\/api.w.org\/{rel}","templated":true}]}}