{"id":906,"date":"2013-04-25T15:40:42","date_gmt":"2013-04-25T15:40:42","guid":{"rendered":"http:\/\/theupsstore.ca\/?page_id=906"},"modified":"2020-03-13T14:12:41","modified_gmt":"2020-03-13T18:12:41","slug":"occasions","status":"publish","type":"page","link":"https:\/\/www.theupsstore.ca\/fr\/franchisage\/occasions\/","title":{"rendered":"Occasions de franchises"},"content":{"rendered":"<div class=\"wp-editor-content\"><h2>Devenez votre propre patron avec le num\u00e9ro un de l\u2019industrie<\/h2>\n<p>Si vous souhaitez ouvrir une franchise au Canada, vous \u00eates au bon endroit. The UPS Store est la plus importante cha\u00eene de centres d\u2019impression et de photocopie au Canada et le plus grand r\u00e9seau franchis\u00e9 de centres de services d\u2019affaires au pays. Fond\u00e9 en 1980 et \u00e9tabli au Canada depuis 1988, notre r\u00e9seau compte plus de 40 ann\u00e9es d\u2019exp\u00e9rience comme franchiseur*.<\/p>\n<p>The UPS Store offre des occasions de franchises qui peuvent changer les choses dans votre communaut\u00e9\u2026 et changer votre vie ! Avec plus de 350 centres au Canada et plus de 4 300 aux \u00c9tats-Unis, nous avons appris ce qui fonctionne, et vous pouvez b\u00e9n\u00e9ficier de ce savoir. The UPS Store pourrait bien \u00eatre votre chance de devenir votre propre patron !<\/p>\n<p>*De 1988 \u00e0 2005, les centres The UPS Stores exer\u00e7aient des activit\u00e9s sous la banni\u00e8re Mail Boxes Etc. au Canada.<\/p>\n<p><strong>Lancez-vous d\u00e8s aujourd\u2019hui !<br \/>\n<\/strong><br \/>\nSi vous voulez en savoir plus sur les occasions de franchises au Canada ou si vous avez toujours r\u00eav\u00e9 de poss\u00e9der votre propre entreprise, voici comment faire :<\/p>\n<ul>\n<li>Remplissez <a href=\"http:\/\/www.theupsstore.ca\/fr\/franchisage\/demande-en-ligne\/\">le formulaire de demande confidentielle de franchise<\/a>.<\/li>\n<li>Adressez-vous \u00e0 un repr\u00e9sentant de notre \u00e9quipe du franchisage pour discuter des d\u00e9bouch\u00e9s qui s\u2019offrent \u00e0 vous dans la r\u00e9gion qui vous int\u00e9resse :<\/li>\n<\/ul>\n<p>Num\u00e9ro sans frais : 1-800-661-6232 x246<br \/>\nDu lundi au vendredi de 9 h \u00e0 17 h (HNE)<\/p>\n<p><em>L\u2019information contenue sur ce site ne constitue pas une offre de franchisage. Toute offre de vente sera subs\u00e9quente \u00e0 la pr\u00e9sentation d\u2019un document d\u2019information sur le franchisage.<\/em><\/p>\n<p><a href=\"http:\/\/www.theupsstore.ca\/wp-content\/uploads\/2020\/03\/ACF_Member_logo.jpg\"><img loading=\"lazy\" decoding=\"async\" class=\"alignnone  wp-image-38604\" src=\"http:\/\/www.theupsstore.ca\/wp-content\/uploads\/2020\/03\/ACF_Member_logo-300x180.jpg\" alt=\"\" width=\"210\" height=\"126\" srcset=\"https:\/\/www.theupsstore.ca\/wp-content\/uploads\/2020\/03\/ACF_Member_logo-300x180.jpg 300w, https:\/\/www.theupsstore.ca\/wp-content\/uploads\/2020\/03\/ACF_Member_logo-768x461.jpg 768w, https:\/\/www.theupsstore.ca\/wp-content\/uploads\/2020\/03\/ACF_Member_logo-770x462.jpg 770w, https:\/\/www.theupsstore.ca\/wp-content\/uploads\/2020\/03\/ACF_Member_logo.jpg 1000w\" sizes=\"auto, (max-width: 210px) 100vw, 210px\" \/><\/a><\/p>\n<\/div>","protected":false},"excerpt":{"rendered":"<p>Devenez votre propre patron avec le num\u00e9ro un de l\u2019industrie Si vous souhaitez ouvrir une franchise au Canada, vous \u00eates au bon endroit. The UPS Store est la plus importante cha\u00eene de centres d\u2019impression et de photocopie au Canada et le plus grand r\u00e9seau franchis\u00e9 de centres de services d\u2019affaires au pays. Fond\u00e9 en 1980 &hellip; <a href=\"https:\/\/www.theupsstore.ca\/fr\/franchisage\/occasions\/\">Continued<\/a><\/p>\n","protected":false},"author":4,"featured_media":17826,"parent":902,"menu_order":0,"comment_status":"closed","ping_status":"closed","template":"template-franchising.php","meta":{"footnotes":""},"class_list":["post-906","page","type-page","status-publish","has-post-thumbnail","hentry"],"_links":{"self":[{"href":"https:\/\/www.theupsstore.ca\/fr\/wp-json\/wp\/v2\/pages\/906","targetHints":{"allow":["GET"]}}],"collection":[{"href":"https:\/\/www.theupsstore.ca\/fr\/wp-json\/wp\/v2\/pages"}],"about":[{"href":"https:\/\/www.theupsstore.ca\/fr\/wp-json\/wp\/v2\/types\/page"}],"author":[{"embeddable":true,"href":"https:\/\/www.theupsstore.ca\/fr\/wp-json\/wp\/v2\/users\/4"}],"replies":[{"embeddable":true,"href":"https:\/\/www.theupsstore.ca\/fr\/wp-json\/wp\/v2\/comments?post=906"}],"version-history":[{"count":0,"href":"https:\/\/www.theupsstore.ca\/fr\/wp-json\/wp\/v2\/pages\/906\/revisions"}],"up":[{"embeddable":true,"href":"https:\/\/www.theupsstore.ca\/fr\/wp-json\/wp\/v2\/pages\/902"}],"wp:featuredmedia":[{"embeddable":true,"href":"https:\/\/www.theupsstore.ca\/fr\/wp-json\/wp\/v2\/media\/17826"}],"wp:attachment":[{"href":"https:\/\/www.theupsstore.ca\/fr\/wp-json\/wp\/v2\/media?parent=906"}],"curies":[{"name":"wp","href":"https:\/\/api.w.org\/{rel}","templated":true}]}}