{"id":900,"date":"2013-04-25T15:08:00","date_gmt":"2013-04-25T15:08:00","guid":{"rendered":"http:\/\/theupsstore.ca\/?page_id=900"},"modified":"2024-11-06T13:17:21","modified_gmt":"2024-11-06T18:17:21","slug":"pour-nous-joindre","status":"publish","type":"page","link":"https:\/\/www.theupsstore.ca\/fr\/service-a-la-clientele\/pour-nous-joindre\/","title":{"rendered":"Pour nous joindre"},"content":{"rendered":"<div class=\"wp-editor-content\"><p><b>Service \u00e0 la client\u00e8le\u00a0UPS<sup>\u00ae<\/sup><\/b><br \/>\nT\u00e9l\u00e9phone:\u00a0<b>(800) PICK-UPS<\/b><br \/>\n(800) 742-5877<br \/>\nou visitez\u00a0<a title=\"UPS Canada\" href=\"http:\/\/www.ups.ca\/fr\/\" target=\"_blank\" rel=\"noopener noreferrer\">ups.ca<\/a>Besoin de rep\u00e9rer un colis ? Utilisez <a href=\"http:\/\/www.theupsstore.ca\/track\/\">l\u2019outil de suivi pour v\u00e9rifier<\/a> le progr\u00e8s ou de l\u2019\u00e9tat de votre livraison.<b>Service \u00e0 la client\u00e8le The UPS Store Canada\u00a0<\/b><br \/>\n(Centres The UPS Store au Canada)<br \/>\nSans frais: (800) 661-6232<br \/>\nLundi au jeudi de 9 h \u00e0 17 h (HNE)<br \/>\n<span style=\"line-height: 19px;\">Vendredi de 9 h \u00e0 15 h <\/span><span style=\"line-height: 19px;\">(HNE)<\/span><\/p>\n<p><b>The UPS Store Canada Home Office\u00a0<\/b><br \/>\n1115, North Service Road Ouest, Unit\u00e9 1<br \/>\nOakville, Ontario<br \/>\nL6V 2V9<br \/>\nSans frais: (800) 661-6232<\/p>\n<\/div>","protected":false},"excerpt":{"rendered":"<p>Service \u00e0 la client\u00e8le\u00a0UPS\u00ae T\u00e9l\u00e9phone:\u00a0(800) PICK-UPS (800) 742-5877 ou visitez\u00a0ups.caBesoin de rep\u00e9rer un colis ? Utilisez l\u2019outil de suivi pour v\u00e9rifier le progr\u00e8s ou de l\u2019\u00e9tat de votre livraison.Service \u00e0 la client\u00e8le The UPS Store Canada\u00a0 (Centres The UPS Store au Canada) Sans frais: (800) 661-6232 Lundi au jeudi de 9 h \u00e0 17 h &hellip; <a href=\"https:\/\/www.theupsstore.ca\/fr\/service-a-la-clientele\/pour-nous-joindre\/\">Continued<\/a><\/p>\n","protected":false},"author":4,"featured_media":74529,"parent":891,"menu_order":0,"comment_status":"closed","ping_status":"closed","template":"template-contact.php","meta":{"footnotes":""},"class_list":["post-900","page","type-page","status-publish","has-post-thumbnail","hentry"],"_links":{"self":[{"href":"https:\/\/www.theupsstore.ca\/fr\/wp-json\/wp\/v2\/pages\/900","targetHints":{"allow":["GET"]}}],"collection":[{"href":"https:\/\/www.theupsstore.ca\/fr\/wp-json\/wp\/v2\/pages"}],"about":[{"href":"https:\/\/www.theupsstore.ca\/fr\/wp-json\/wp\/v2\/types\/page"}],"author":[{"embeddable":true,"href":"https:\/\/www.theupsstore.ca\/fr\/wp-json\/wp\/v2\/users\/4"}],"replies":[{"embeddable":true,"href":"https:\/\/www.theupsstore.ca\/fr\/wp-json\/wp\/v2\/comments?post=900"}],"version-history":[{"count":0,"href":"https:\/\/www.theupsstore.ca\/fr\/wp-json\/wp\/v2\/pages\/900\/revisions"}],"up":[{"embeddable":true,"href":"https:\/\/www.theupsstore.ca\/fr\/wp-json\/wp\/v2\/pages\/891"}],"wp:featuredmedia":[{"embeddable":true,"href":"https:\/\/www.theupsstore.ca\/fr\/wp-json\/wp\/v2\/media\/74529"}],"wp:attachment":[{"href":"https:\/\/www.theupsstore.ca\/fr\/wp-json\/wp\/v2\/media?parent=900"}],"curies":[{"name":"wp","href":"https:\/\/api.w.org\/{rel}","templated":true}]}}