{"id":896,"date":"2013-04-25T01:34:49","date_gmt":"2013-04-25T01:34:49","guid":{"rendered":"http:\/\/theupsstore.ca\/?page_id=896"},"modified":"2025-03-10T16:34:35","modified_gmt":"2025-03-10T20:34:35","slug":"cartes-professionnelles","status":"publish","type":"page","link":"https:\/\/www.theupsstore.ca\/fr\/services\/impression\/cartes-professionnelles\/","title":{"rendered":"Cartes professionnelles et papeterie"},"content":{"rendered":"<div class=\"wp-editor-content\"><h2><strong>The UPS Store vous aide \u00e0 faire bonne impression!<\/strong><\/h2>\n<p>&nbsp;<\/p>\n<p>Besoin de cartes professionnelles, d\u2019articles de papeterie ou de papier \u00e0 en-t\u00eate ? \u00c0 The UPS Store, on est l\u00e0 pour vous aider !<\/p>\n<p>Les cartes professionnelles et la papeterie sont un volet essentiel de l\u2019identit\u00e9 d\u2019une entreprise. Soumettez-nous vos id\u00e9es et nous vous aiderons \u00e0 cr\u00e9er des cartes professionnelles en couleur, sur papier mat ou lustr\u00e9, \u00e0 simple ou \u00e0 double face. Vous recherchez quelque chose qui sort de l\u2019ordinaire ? Nous offrons m\u00eame des cartes repliables !<\/p>\n<p>Si vous avez besoin de papier \u00e0 en-t\u00eate, d\u2019enveloppes et de blocs-notes assortis \u00e0 vos cartes professionnelles, The UPS Store stimule votre cr\u00e9ativit\u00e9 en vous proposant une mise en page unique sur diff\u00e9rents types et formats de papier. Que ce soit pour votre usage personnel ou pour promouvoir votre entreprise, nos services d\u2019impression sont vos meilleurs alli\u00e9s.<\/p>\n<p>Visitez le centre The UPS Store le plus pr\u00e8s d\u00e8s aujourd\u2019hui. Pour plus de commodit\u00e9, vous pouvez aussi commander et faire imprimer vos cartes professionnelles et vos articles de papeterie en ligne. Faites votre choix parmi nos mod\u00e8les de cartes professionnelles existants ou cr\u00e9ez le v\u00f4tre en t\u00e9l\u00e9chargeant votre logo d\u2019entreprise, illustration ou photographie. La plupart des centres UPS Store proposent<a href=\"https:\/\/onlineprint.np.ds.pressero.com\"> l\u2019impression en ligne<\/a>. Communiquez avec le centre le plus pr\u00e8s pour savoir s\u2019il offre les services d\u2019impression de cartes professionnelles, de papier \u00e0 en-t\u00eate et d\u2019articles de papeterie.<\/p>\n\t\t<div class=\"find horizontal-widget long span-12 \">\n                    <div class=\"title\">\n                            <h2>Trouver un magasin<\/h2>\n                    <\/div>\n                    <div class=\"find-widget-content\">\n                        <span class=\"find-widget-header-text\"><i class=\"fa fa-map-marker\"><\/i>Trouver un magasin:<\/span>\n                        <span class=\"tile kit-text span-2 form-text\"><strong>Entrez votre Adresse, Ville, Province ou Code Postal:<\/strong><\/span>\n                        <span class=\"tile horizontal-search \">\n                            <span id=\"searchbox\">\n                                <form action=\"\/fr\/localisateur\/\" method=\"post\" name=\"FindLocationForm\" class=\"findLocationForm\">\n\t<input name=\"FindLocationTextBox\" type=\"text\" maxlength=\"100\"  class=\"form_box findLocationTextBox\">\n\t<input type=\"hidden\" value=\"\" name=\"lat\" class=\"findLocationLat\"\/>\n\t<input type=\"hidden\" value=\"\" name=\"lng\" class=\"findLocationLng\"\/>\n    <button type=\"submit\" name=\"FindLocationButton\" class=\"search_submit button findLocationButton\"><i class=\"fa fa-search\"><\/i><\/button>\n<\/form>                            <\/span>\n                        <\/span>\n                        <div class=\"clearfix\"><\/div>\n                        <div class=\"tile kit-text span-2\"><\/div>\n                    <\/div>\n\t\t<\/div>\n\t\t\n<h2><b>Cartes professionnelles<\/b><\/h2>\n<div class=\"row\">\n<div class=\"col-xs-4\"><a href=\"https:\/\/www.theupsstore.ca\/wp-content\/uploads\/\/nas\/wp\/www\/cluster-1436\/upssca\/wp-content\/uploads\/2013\/02\/Business-Cards1.jpg\"><img decoding=\"async\" class=\"img-reponsive\" src=\"https:\/\/www.theupsstore.ca\/wp-content\/uploads\/\/nas\/wp\/www\/cluster-1436\/upssca\/wp-content\/uploads\/2013\/02\/Business-Cards1.jpg\" alt=\"Business-Cards\" \/><\/a><\/div>\n<div class=\"col-xs-8\">Cr\u00e9ez et affirmez votre identit\u00e9 professionnelle avec The UPS Store. Nos services comprennent ce qui suit\u00a0:<\/p>\n<ul>\n<li>Cartes \u00e0 simple face<\/li>\n<li>Cartes \u00e0 double face<\/li>\n<li>Choix de cartons<\/li>\n<li>Vari\u00e9t\u00e9 de rev\u00eatements<\/li>\n<\/ul>\n<\/div>\n<\/div>\n<h2><b>Papier \u00e0 en-t\u00eate<\/b><\/h2>\n<div class=\"row\">\n<div class=\"col-xs-4\"><a href=\"hhttps:\/\/www.theupsstore.ca\/wp-content\/uploads\/\/nas\/wp\/www\/cluster-1436\/upssca\/wp-content\/uploads\/2013\/02\/Notepads1.jpg\"><img decoding=\"async\" class=\"img-reponsive\" src=\"https:\/\/www.theupsstore.ca\/wp-content\/uploads\/\/nas\/wp\/www\/cluster-1436\/upssca\/wp-content\/uploads\/2013\/02\/Notepads1.jpg\" alt=\"letterhead-printing\" \/><\/a><\/div>\n<div class=\"col-xs-8\">Faites imprimer du papier \u00e0 en-t\u00eate, des articles de papeterie ou des blocs-notes pour la maison ou le bureau. Nous offrons notamment ce qui suit :<\/p>\n<ul>\n<li>Vari\u00e9t\u00e9 de formats<\/li>\n<li>Choix de papier<\/li>\n<li>Impression polychrome<\/li>\n<li>Impression noir et blanc<\/li>\n<\/ul>\n<p>Pour profiter de ces services d\u00e8s aujourd\u2019hui, communiquez directement avec le centre The UPS Store le plus pr\u00e8s pour lui faire part de vos besoins.<\/p>\n<\/div>\n<\/div>\n<p>Pour profiter de ces services d\u00e8s aujourd\u2019hui, communiquez directement avec le centre The UPS Store le plus pr\u00e8s pour lui faire part de vos besoins.<\/p>\n<\/div>","protected":false},"excerpt":{"rendered":"<p>The UPS Store vous aide \u00e0 faire bonne impression! &nbsp; Besoin de cartes professionnelles, d\u2019articles de papeterie ou de papier \u00e0 en-t\u00eate ? \u00c0 The UPS Store, on est l\u00e0 pour vous aider ! Les cartes professionnelles et la papeterie sont un volet essentiel de l\u2019identit\u00e9 d\u2019une entreprise. Soumettez-nous vos id\u00e9es et nous vous aiderons &hellip; <a href=\"https:\/\/www.theupsstore.ca\/fr\/services\/impression\/cartes-professionnelles\/\">Continued<\/a><\/p>\n","protected":false},"author":5,"featured_media":0,"parent":895,"menu_order":0,"comment_status":"closed","ping_status":"closed","template":"","meta":{"footnotes":""},"class_list":["post-896","page","type-page","status-publish","hentry"],"_links":{"self":[{"href":"https:\/\/www.theupsstore.ca\/fr\/wp-json\/wp\/v2\/pages\/896","targetHints":{"allow":["GET"]}}],"collection":[{"href":"https:\/\/www.theupsstore.ca\/fr\/wp-json\/wp\/v2\/pages"}],"about":[{"href":"https:\/\/www.theupsstore.ca\/fr\/wp-json\/wp\/v2\/types\/page"}],"author":[{"embeddable":true,"href":"https:\/\/www.theupsstore.ca\/fr\/wp-json\/wp\/v2\/users\/5"}],"replies":[{"embeddable":true,"href":"https:\/\/www.theupsstore.ca\/fr\/wp-json\/wp\/v2\/comments?post=896"}],"version-history":[{"count":1,"href":"https:\/\/www.theupsstore.ca\/fr\/wp-json\/wp\/v2\/pages\/896\/revisions"}],"predecessor-version":[{"id":81330,"href":"https:\/\/www.theupsstore.ca\/fr\/wp-json\/wp\/v2\/pages\/896\/revisions\/81330"}],"up":[{"embeddable":true,"href":"https:\/\/www.theupsstore.ca\/fr\/wp-json\/wp\/v2\/pages\/895"}],"wp:attachment":[{"href":"https:\/\/www.theupsstore.ca\/fr\/wp-json\/wp\/v2\/media?parent=896"}],"curies":[{"name":"wp","href":"https:\/\/api.w.org\/{rel}","templated":true}]}}