{"id":895,"date":"2013-04-25T01:18:41","date_gmt":"2013-04-25T01:18:41","guid":{"rendered":"http:\/\/theupsstore.ca\/?page_id=895"},"modified":"2025-03-10T16:32:21","modified_gmt":"2025-03-10T20:32:21","slug":"impression","status":"publish","type":"page","link":"https:\/\/www.theupsstore.ca\/fr\/services\/impression\/","title":{"rendered":"Services d\u2019impression"},"content":{"rendered":"<div class=\"wp-editor-content\"><h2><strong>Impression professionnelle<\/strong><\/h2>\n<p>Les centres The UPS Store offrent une vaste panoplie de services d\u2019impression et de finition pour tous vos documents : brochures, cartes professionnelles, banni\u00e8res, pr\u00e9sentations, cartons d\u2019invitation et menus. Vous y trouverez \u00e9galement la papeterie et les fournitures de bureau qu\u2019il vous faut. \u00c0 The UPS Store, on vous aide \u00e0 faire bonne impression !<\/p>\n\t\t<div class=\"find horizontal-widget long span-12 \">\n                    <div class=\"title\">\n                            <h2>Trouver un magasin<\/h2>\n                    <\/div>\n                    <div class=\"find-widget-content\">\n                        <span class=\"find-widget-header-text\"><i class=\"fa fa-map-marker\"><\/i>Trouver un magasin:<\/span>\n                        <span class=\"tile kit-text span-2 form-text\"><strong>Entrez votre Adresse, Ville, Province ou Code Postal:<\/strong><\/span>\n                        <span class=\"tile horizontal-search \">\n                            <span id=\"searchbox\">\n                                <form action=\"\/fr\/localisateur\/\" method=\"post\" name=\"FindLocationForm\" class=\"findLocationForm\">\n\t<input name=\"FindLocationTextBox\" type=\"text\" maxlength=\"100\"  class=\"form_box findLocationTextBox\">\n\t<input type=\"hidden\" value=\"\" name=\"lat\" class=\"findLocationLat\"\/>\n\t<input type=\"hidden\" value=\"\" name=\"lng\" class=\"findLocationLng\"\/>\n    <button type=\"submit\" name=\"FindLocationButton\" class=\"search_submit button findLocationButton\"><i class=\"fa fa-search\"><\/i><\/button>\n<\/form>                            <\/span>\n                        <\/span>\n                        <div class=\"clearfix\"><\/div>\n                        <div class=\"tile kit-text span-2\"><\/div>\n                    <\/div>\n\t\t<\/div>\n\t\t\n<h2><strong>Impression en ligne : votre imprimeur local d\u2019envergure nationale<\/strong><\/h2>\n<p>All\u00e9gez votre emploi du temps en recourant aux services d\u2019impression en ligne des centres The UPS Store. En toute convivialit\u00e9, t\u00e9l\u00e9chargez, personnalisez, visualisez et envoyez vos documents partout et quand vous le voulez. Vous n\u2019avez plus qu\u2019\u00e0 les ramasser ensuite <a href=\"https:\/\/onlineprint.np.ds.pressero.com\">au centre The UPS Store le plus pr\u00e8s<\/a>.<\/p>\n<h2><strong>Petits ou grands, vos projets sont trait\u00e9s professionnellement<\/strong><\/h2>\n<p>Confiez-nous vos projets d\u2019impression pendant que vous vaquez \u00e0 vos activit\u00e9s professionnelles. Nous avons en r\u00e9serve un vaste choix de papier et pouvons assurer la finition professionnelle de tous vos documents selon vos instructions.<\/p>\n<div class=\"col-md-4 col-sm-6\"><div class=\"content-image-module-wrap\"><a href=\"http:\/\/www.theupsstore.ca\/fr\/services\/impression\/cartes-professionnelles\/\"><div class=\"content-image-module\" style=\"background-image: url(http:\/\/www.theupsstore.ca\/wp-content\/uploads\/2016\/04\/BCS.jpg\"><div class=\"content-image-module-title\"><\/p>\n<p>Cartes professionnelles et papeterie<\/p>\n<p><\/div><\/div><\/a><\/div><\/div>\n<div class=\"col-md-4 col-sm-6\"><div class=\"content-image-module-wrap\"><a href=\"http:\/\/www.theupsstore.ca\/fr\/services\/impression\/depliants-brochures\/\"><div class=\"content-image-module\" style=\"background-image: url(http:\/\/www.theupsstore.ca\/wp-content\/uploads\/2016\/04\/FB.jpg\"><div class=\"content-image-module-title\"><\/p>\n<p>D\u00e9pliants et brochures<\/p>\n<p><\/div><\/div><\/a><\/div><\/div>\n<div class=\"col-md-4 col-sm-6\"><div class=\"content-image-module-wrap\"><a href=\"http:\/\/www.theupsstore.ca\/fr\/services\/impression\/manuels-presentations\/\"><div class=\"content-image-module\" style=\"background-image: url(http:\/\/www.theupsstore.ca\/wp-content\/uploads\/2016\/04\/MP.jpg\"><div class=\"content-image-module-title\"><\/p>\n<p>Manuels et pr\u00e9sentations<\/p>\n<p><\/div><\/div><\/a><\/div><\/div>\n<div class=\"col-md-4 col-sm-6\"><div class=\"content-image-module-wrap\"><a href=\"http:\/\/www.theupsstore.ca\/fr\/services\/impression\/menus-formulaires\/\"><div class=\"content-image-module\" style=\"background-image: url(http:\/\/www.theupsstore.ca\/wp-content\/uploads\/2016\/04\/MF.jpg\"><div class=\"content-image-module-title\"><\/p>\n<p>Menus et formulaires<\/p>\n<p><\/div><\/div><\/a><\/div><\/div>\n<div class=\"col-md-4 col-sm-6\"><div class=\"content-image-module-wrap\"><a href=\"http:\/\/www.theupsstore.ca\/fr\/services\/impression\/impression-en-ligne\/\"><div class=\"content-image-module\" style=\"background-image: url(http:\/\/www.theupsstore.ca\/wp-content\/uploads\/2016\/04\/OP.jpg\"><div class=\"content-image-module-title\"><\/p>\n<p>Impression en ligne<\/p>\n<p><\/div><\/div><\/a><\/div><\/div>\n<div class=\"col-md-4 col-sm-6\"><div class=\"content-image-module-wrap\"><a href=\"http:\/\/www.theupsstore.ca\/fr\/services\/impression\/calendriers\/\"><div class=\"content-image-module\" style=\"background-image: url(http:\/\/www.theupsstore.ca\/wp-content\/uploads\/2016\/04\/PC.jpg\"><div class=\"content-image-module-title\"><\/p>\n<p>Calendriers personnalis\u00e9s<\/p>\n<p><\/div><\/div><\/a><\/div><\/div>\n<div class=\"col-md-4 col-sm-6\"><div class=\"content-image-module-wrap\"><a href=\"http:\/\/www.theupsstore.ca\/fr\/services\/impression\/cartes-postales-invitations\/\"><div class=\"content-image-module\" style=\"background-image: url(http:\/\/www.theupsstore.ca\/wp-content\/uploads\/2016\/04\/PI.jpg\"><div class=\"content-image-module-title\"><\/p>\n<p>Cartes postales et invitations<\/p>\n<p><\/div><\/div><\/a><\/div><\/div>\n<div class=\"col-md-4 col-sm-6\"><div class=\"content-image-module-wrap\"><a href=\"http:\/\/www.theupsstore.ca\/fr\/services\/impression\/affiches-bannieres\/\"><div class=\"content-image-module\" style=\"background-image: url(http:\/\/www.theupsstore.ca\/wp-content\/uploads\/2016\/04\/PB.jpg\"><div class=\"content-image-module-title\"><\/p>\n<p>Affiches et banni\u00e8res<\/p>\n<p><\/div><\/div><\/a><\/div><\/div>\n<div class=\"col-md-4 col-sm-6\"><div class=\"content-image-module-wrap\"><a href=\"https:\/\/www.theupsstore.ca\/fr\/solutions-petites-entreprises\/obtenez-plus\/\"><div class=\"content-image-module\" style=\"background-image: url(http:\/\/www.theupsstore.ca\/wp-content\/uploads\/2017\/12\/printing-get-more-french.jpg\"><div class=\"content-image-module-title\"><\/p>\n<p>Programme de r\u00e9compenses OBTENEZ PLUS<\/p>\n<p><\/div><\/div><\/a><\/div><\/div>\n<h3 id=\"questions-courantes-sur-les-services-d%e2%80%99impression-title\" >Questions courantes sur les services d\u2019impression<\/h3><ul id=\"questions-courantes-sur-les-services-d%e2%80%99impression\" class=\"accordion\"><\/p>\n<p><li><h3 class=\"faq-question\"><span class=\"faq-toggle\"><i class=\"fa fa-plus\"><\/i><\/span><span class=\"faq-question-text\">Que comprennent les services d\u2019impression ?<\/span><\/h3><span class=\"faq-answer\"><p>\nEn g\u00e9n\u00e9ral, les services d\u2019impression incluent la photocopie et la finition de vos documents, comme\u00a0l\u2019assemblage, la reliure, la mise en page, le laminage et bien plus encore.<br \/>\n<\/p><\/span><\/li><\/p>\n<p><li><h3 class=\"faq-question\"><span class=\"faq-toggle\"><i class=\"fa fa-plus\"><\/i><\/span><span class=\"faq-question-text\">Quels services d\u2019impression offrez-vous ?<\/span><\/h3><span class=\"faq-answer\"><p>\nThe UPS Store offre un large \u00e9ventail de services d\u2019impression et de finition, notamment l\u2019acc\u00e8s \u00e0 vos\u00a0fichiers \u00e9lectroniques (par courriel, sur CD ou cl\u00e9 USB), l\u2019impression num\u00e9rique en couleur ou en noir et\u00a0blanc, la reliure, l\u2019assemblage et le laminage. Comme nos centres sont d\u00e9tenus et exploit\u00e9s par des franchis\u00e9s\u00a0ind\u00e9pendants, les services peuvent varier. Communiquez avec\u00a0<a href=\"http:\/\/www.theupsstore.ca\/fr\/localisateur\/\">le centre le plus<\/a>\u00a0pr\u00e8s pour conna\u00eetre les services\u00a0offerts.<br \/>\n<\/p><\/span><\/li><\/p>\n<p><li><h3 class=\"faq-question\"><span class=\"faq-toggle\"><i class=\"fa fa-plus\"><\/i><\/span><span class=\"faq-question-text\">Qu\u2019est-ce que l\u2019impression num\u00e9rique ?<\/span><\/h3><span class=\"faq-answer\"><p>\nL\u2019impression num\u00e9rique est un processus qui permet d\u2019imprimer sur une imprimante \u00e0 cartouche d\u2019encre ou \u00e0 jet d\u2019encre \u00e0 partir d\u2019un fichier \u00e9lectronique. Il s\u2019agit d\u2019une m\u00e9thode efficace et rentable pour produire, dans des d\u00e9lais serr\u00e9s, une petite quantit\u00e9 de documents de grande qualit\u00e9.<br \/>\n<\/p><\/span><\/li><\/p>\n<p><\/ul>\n<p><a href=\"http:\/\/www.theupsstore.ca\/fr\/service-a-la-clientele\/faq\/#questions-courantes-sur-les-services-d%e2%80%99impression-title\">Voir toutes les questions courantes au sujet de nos services d\u2019impression<\/a><\/p>\n<\/div>","protected":false},"excerpt":{"rendered":"<p>Impression professionnelle Les centres The UPS Store offrent une vaste panoplie de services d\u2019impression et de finition pour tous vos documents : brochures, cartes professionnelles, banni\u00e8res, pr\u00e9sentations, cartons d\u2019invitation et menus. Vous y trouverez \u00e9galement la papeterie et les fournitures de bureau qu\u2019il vous faut. \u00c0 The UPS Store, on vous aide \u00e0 faire bonne &hellip; <a href=\"https:\/\/www.theupsstore.ca\/fr\/services\/impression\/\">Continued<\/a><\/p>\n","protected":false},"author":5,"featured_media":0,"parent":894,"menu_order":0,"comment_status":"closed","ping_status":"closed","template":"page-parent.php","meta":{"footnotes":""},"class_list":["post-895","page","type-page","status-publish","hentry"],"_links":{"self":[{"href":"https:\/\/www.theupsstore.ca\/fr\/wp-json\/wp\/v2\/pages\/895","targetHints":{"allow":["GET"]}}],"collection":[{"href":"https:\/\/www.theupsstore.ca\/fr\/wp-json\/wp\/v2\/pages"}],"about":[{"href":"https:\/\/www.theupsstore.ca\/fr\/wp-json\/wp\/v2\/types\/page"}],"author":[{"embeddable":true,"href":"https:\/\/www.theupsstore.ca\/fr\/wp-json\/wp\/v2\/users\/5"}],"replies":[{"embeddable":true,"href":"https:\/\/www.theupsstore.ca\/fr\/wp-json\/wp\/v2\/comments?post=895"}],"version-history":[{"count":1,"href":"https:\/\/www.theupsstore.ca\/fr\/wp-json\/wp\/v2\/pages\/895\/revisions"}],"predecessor-version":[{"id":81327,"href":"https:\/\/www.theupsstore.ca\/fr\/wp-json\/wp\/v2\/pages\/895\/revisions\/81327"}],"up":[{"embeddable":true,"href":"https:\/\/www.theupsstore.ca\/fr\/wp-json\/wp\/v2\/pages\/894"}],"wp:attachment":[{"href":"https:\/\/www.theupsstore.ca\/fr\/wp-json\/wp\/v2\/media?parent=895"}],"curies":[{"name":"wp","href":"https:\/\/api.w.org\/{rel}","templated":true}]}}