{"id":886,"date":"2013-04-24T16:38:29","date_gmt":"2013-04-24T16:38:29","guid":{"rendered":"http:\/\/theupsstore.ca\/?page_id=886"},"modified":"2026-04-29T10:36:16","modified_gmt":"2026-04-29T14:36:16","slug":"communiques","status":"publish","type":"page","link":"https:\/\/www.theupsstore.ca\/fr\/a-propos\/salle-de-presse\/communiques\/","title":{"rendered":"Communiqu\u00e9s de presse"},"content":{"rendered":"<div class=\"wp-editor-content\"><h3 style=\"text-align: center;\"><strong>David Druker re\u00e7oit un prix de reconnaissance de l\u2019Association canadienne de la franchise<\/strong><\/h3>\n<p>Oakville (Ontario), le 27 avril 2026 \u2013 Nous sommes fiers d\u2019annoncer que David Druker est le laur\u00e9at du Volunteer Leadership Excellence Award de l\u2019Association canadienne de la franchise (Canadian Franchise Association \u2013 CFA) pour sa contribution exceptionnelle \u00e0 la communaut\u00e9 de la franchise. Ce prix lui a \u00e9t\u00e9 d\u00e9cern\u00e9 le 19 avril 2026 au 35e congr\u00e8s annuel de la CFA, qui s\u2019est tenu \u00e0 Ottawa (Ontario).<\/p>\n<p>R\u00e9serv\u00e9s exclusivement aux membres de la CFA, les Recognition Awards soulignent l\u2019excellence des marques et des acteurs du franchisage dans l\u2019un des cinq volets du mod\u00e8le d\u2019affaires de la franchise. Ils r\u00e9compensent ceux et celles qui se distinguent par leur engagement social et communautaire (Outstanding Corporate Citizen Award), l\u2019ensemble de leurs r\u00e9alisations (Lifetime Achievement Award), leur contribution \u00e0 la croissance du secteur (Volunteer Leadership Excellence Award), leurs actions en faveur de la diversit\u00e9 et de l\u2019inclusion (Diversity & Inclusion Champion Award) et leur offre de services de soutien au secteur (Distinguished Franchise Support Service\/Supplier Award).<\/p>\n<p>Le Volunteer Leadership Excellence Award est remis \u00e0 une personne qui, par son r\u00f4le d\u2019ambassadrice ou ambassadeur du franchisage, contribue \u00e0 l\u2019\u00e9volution et \u00e0 la r\u00e9alisation de la mission de la CFA.<\/p>\n<p>\u00ab\u2009Je suis profond\u00e9ment honor\u00e9 de recevoir ce prix, qui souligne plus de 16 ans de d\u00e9vouement envers la communaut\u00e9 de la franchise au Canada et ailleurs\u2009\u00bb, affirme David Druker, pr\u00e9sident de The UPS Store Canada.<\/p>\n<p>\u00ab\u2009Les prix de reconnaissance de la CFA visent avant tout \u00e0 c\u00e9l\u00e9brer des r\u00e9alisations marquantes et des contributions continues \u00e0 la communaut\u00e9 de la franchise, souligne Sherry McNeil, pr\u00e9sidente et chef de la direction de la CFA. Nous f\u00e9licitons David Druker pour cet accomplissement remarquable et pour son engagement envers le principe au c\u0153ur de notre association : grandir ensemble.\u2009\u00bb<br \/>\nPour en savoir plus sur The UPS Store, visitez le <a href=\"http:\/\/www.theupsstore.ca\">www.theupsstore.ca<\/a>.<\/p>\n<p>Pour obtenir plus d\u2019information sur les prix de reconnaissance de la CFA et consulter la liste des laur\u00e9ats, visitez le site <a href=\"https:\/\/cfa.ca\/2026-recognition-awards\/\">Web des Recognition Awards 2026 de la CFA.<\/a><\/p>\n<h4>\u00c0 propos de The UPS Store<\/h4>\n<p>Comptant plus de 400 succursales, The UPS Store est le plus vaste r\u00e9seau de centres d\u2019impression et de photocopie au Canada, ainsi que la plus importante cha\u00eene franchis\u00e9e de centres de services aux entreprises. The UPS Store offre une gamme compl\u00e8te de services de soutien aux entreprises, notamment l\u2019impression num\u00e9rique, l\u2019impression grand format, la finition de documents, les services d\u2019emballage et d\u2019exp\u00e9dition au Canada ou \u00e0 l\u2019international, le d\u00e9chiquetage de documents, la location de bo\u00eetes postales accessibles 24 heures sur 24, le r\u00e9acheminement du courrier ainsi que la r\u00e9ception de colis, de courrier et de t\u00e9l\u00e9copies. Pour en savoir plus, visitez le <a href=\"http:\/\/www.theupsstore.ca\">www.theupsstore.ca<\/a>.<\/p>\n<p>Les activit\u00e9s des centres The UPS Store au Canada sont d\u00e9tenues et g\u00e9r\u00e9es par MBEC Communications inc., une soci\u00e9t\u00e9 \u00e9tablie \u00e0 Oakville (Ontario), ainsi que par des franchis\u00e9s autoris\u00e9s. Le nom et les marques de commerce The UPS Store sont utilis\u00e9s au Canada en vertu d\u2019une licence ma\u00eetresse accord\u00e9e par The UPS Store inc., une soci\u00e9t\u00e9 d\u2019UPS.<\/p>\n<p>Personne-ressource \u2013 m\u00e9dias (The UPS Store Canada)<br \/>\nMichelle Cameron<br \/>\nVice-pr\u00e9sidente, Marketing<br \/>\nThe UPS Store Canada<br \/>\nT\u00e9l. : 905 338-9754, poste 290 | Courriel : mcameron@theupsstore.ca<\/p>\n<h4>\u00c0 propos de l\u2019Association canadienne de la franchise (CFA)<\/h4>\n<p>L\u2019Association canadienne de la franchise (CFA) aide les Canadiennes et Canadiens \u00e0 r\u00e9aliser leur r\u00eave de lancer leur propre entreprise gr\u00e2ce au pouvoir du franchisage. Elle d\u00e9fend les enjeux qui influencent ce r\u00eave au nom de quelque 650 membres et de plus de 40\u2009000 franchis\u00e9s au sein de certaines des enseignes les plus connues et les plus prometteuses au pays. Au-del\u00e0 de son r\u00f4le de porte-parole du secteur, la CFA renforce et d\u00e9veloppe le franchisage en offrant de la formation fond\u00e9e sur les meilleures pratiques et en facilitant les liens entre les entrepreneurs d\u2019ici et les occasions de franchise. Le franchisage se classe au 12e rang des industries les plus importantes au Canada. Les entreprises franchis\u00e9es g\u00e9n\u00e8rent plus de 133 milliards de dollars pour l\u2019\u00e9conomie canadienne et embauchent pr\u00e8s de 2 millions de personnes au pays. Pour en savoir plus, visitez le <a href=\"http:\/\/www.cfa.ca\">www.cfa.ca<\/a> ou le <a href=\"http:\/\/www.franchisecanada.ca\">www.FranchiseCanada.ca. <\/a><\/p>\n<p>Personne-ressource \u2013 m\u00e9dias (CFA)<br \/>\nAkanksha Patil<br \/>\nPUNCH Canada<br \/>\nT\u00e9l. : 647 838-9248 | Courriel : akanksha@punchcanada.com<\/p>\n<p>\u00a0<\/p>\n<p>\u00a0<\/p>\n<\/div>","protected":false},"excerpt":{"rendered":"<p>David Druker re\u00e7oit un prix de reconnaissance de l\u2019Association canadienne de la franchise Oakville (Ontario), le 27 avril 2026 \u2013 Nous sommes fiers d\u2019annoncer que David Druker est le laur\u00e9at du Volunteer Leadership Excellence Award de l\u2019Association canadienne de la franchise (Canadian Franchise Association \u2013 CFA) pour sa contribution exceptionnelle \u00e0 la communaut\u00e9 de la &hellip; <a href=\"https:\/\/www.theupsstore.ca\/fr\/a-propos\/salle-de-presse\/communiques\/\">Continued<\/a><\/p>\n","protected":false},"author":4,"featured_media":0,"parent":884,"menu_order":0,"comment_status":"closed","ping_status":"closed","template":"","meta":{"footnotes":""},"class_list":["post-886","page","type-page","status-publish","hentry"],"_links":{"self":[{"href":"https:\/\/www.theupsstore.ca\/fr\/wp-json\/wp\/v2\/pages\/886","targetHints":{"allow":["GET"]}}],"collection":[{"href":"https:\/\/www.theupsstore.ca\/fr\/wp-json\/wp\/v2\/pages"}],"about":[{"href":"https:\/\/www.theupsstore.ca\/fr\/wp-json\/wp\/v2\/types\/page"}],"author":[{"embeddable":true,"href":"https:\/\/www.theupsstore.ca\/fr\/wp-json\/wp\/v2\/users\/4"}],"replies":[{"embeddable":true,"href":"https:\/\/www.theupsstore.ca\/fr\/wp-json\/wp\/v2\/comments?post=886"}],"version-history":[{"count":4,"href":"https:\/\/www.theupsstore.ca\/fr\/wp-json\/wp\/v2\/pages\/886\/revisions"}],"predecessor-version":[{"id":83710,"href":"https:\/\/www.theupsstore.ca\/fr\/wp-json\/wp\/v2\/pages\/886\/revisions\/83710"}],"up":[{"embeddable":true,"href":"https:\/\/www.theupsstore.ca\/fr\/wp-json\/wp\/v2\/pages\/884"}],"wp:attachment":[{"href":"https:\/\/www.theupsstore.ca\/fr\/wp-json\/wp\/v2\/media?parent=886"}],"curies":[{"name":"wp","href":"https:\/\/api.w.org\/{rel}","templated":true}]}}