{"id":864,"date":"2013-04-23T20:07:58","date_gmt":"2013-04-23T20:07:58","guid":{"rendered":"http:\/\/theupsstore.ca\/?page_id=864"},"modified":"2013-05-13T19:20:46","modified_gmt":"2013-05-13T19:20:46","slug":"entreprises","status":"publish","type":"page","link":"https:\/\/www.theupsstore.ca\/fr\/entreprises\/","title":{"rendered":"Services aux entreprises"},"content":{"rendered":"<div class=\"wp-editor-content\"><p>&nbsp;<\/p>\n<h2>Services aux entreprises<\/h2>\n<p>Le r\u00e9seau franchis\u00e9 de centres The UPS Store peut pr\u00eater main-forte aux entreprises en mati\u00e8re d\u2019exp\u00e9dition de marchandise, de services postaux, d\u2019impression de documents et autres services d\u2019affaires. Avec plus de 360\u00a0centres r\u00e9partis dans 70\u00a0march\u00e9s au Canada, vous trouverez <a href=\"http:\/\/www.theupsstore.ca\/fr\/localisateur\/\">un centre The UPS Store<\/a> facile d\u2019acc\u00e8s pour vous, vos employ\u00e9s, vos clients, vos invit\u00e9s, vos membres et autres utilisateurs ! <i>\u00a0<\/i><\/p>\n<h3>Solutions de d\u00e9tail aux entreprises<\/h3>\n<p><a href=\"http:\/\/www.theupsstore.ca\/fr\/entreprises\/solutions-detail\/\">Les Solutions de d\u00e9tail aux entreprises<\/a> (\u00ab SDE \u00bb) ont \u00e9t\u00e9 cr\u00e9\u00e9es pour favoriser une relation \u00e0 long terme entre le r\u00e9seau canadien de centres franchis\u00e9s The UPS Store, les entreprises et autres clients en leur offrant des solutions d\u2019affaires viables qui contribuent \u00e0 optimiser leurs activit\u00e9s professionnelles.<\/p>\n<h3>Occasions de franchises non traditionnelles<\/h3>\n<p>Les centres The UPS Store non traditionnels proposent un \u00e9ventail de solutions aux h\u00f4tels, aux centres de congr\u00e8s, aux universit\u00e9s et aux \u00e9tablissements commerciaux qui souhaitent impartir leurs services de messagerie, d\u2019exp\u00e9dition et d\u2019impression. Bien souvent, les centres The UPS Store <a href=\"http:\/\/www.theupsstore.ca\/fr\/entreprises\/centres-non-traditionnels\/\">non traditionnels proposent des solutions<\/a> adapt\u00e9es aux besoins des lieux qui les h\u00e9bergent.<\/p>\n<p>\t\t<div class=\"find horizontal-widget long span-12 \">\n                    <div class=\"title\">\n                            <h2>Trouver un magasin<\/h2>\n                    <\/div>\n                    <div class=\"find-widget-content\">\n                        <span class=\"find-widget-header-text\"><i class=\"fa fa-map-marker\"><\/i>Trouver un magasin:<\/span>\n                        <span class=\"tile kit-text span-2 form-text\"><strong>Entrez votre Adresse, Ville, Province ou Code Postal:<\/strong><\/span>\n                        <span class=\"tile horizontal-search \">\n                            <span id=\"searchbox\">\n                                <form action=\"\/fr\/localisateur\/\" method=\"post\" name=\"FindLocationForm\" class=\"findLocationForm\">\n\t<input name=\"FindLocationTextBox\" type=\"text\" maxlength=\"100\"  class=\"form_box findLocationTextBox\">\n\t<input type=\"hidden\" value=\"\" name=\"lat\" class=\"findLocationLat\"\/>\n\t<input type=\"hidden\" value=\"\" name=\"lng\" class=\"findLocationLng\"\/>\n    <button type=\"submit\" name=\"FindLocationButton\" class=\"search_submit button findLocationButton\"><i class=\"fa fa-search\"><\/i><\/button>\n<\/form>                            <\/span>\n                        <\/span>\n                        <div class=\"clearfix\"><\/div>\n                        <div class=\"tile kit-text span-2\"><\/div>\n                    <\/div>\n\t\t<\/div>\n\t\t<br \/>\n&nbsp;<\/p>\n<\/div>","protected":false},"excerpt":{"rendered":"<p>&nbsp; Services aux entreprises Le r\u00e9seau franchis\u00e9 de centres The UPS Store peut pr\u00eater main-forte aux entreprises en mati\u00e8re d\u2019exp\u00e9dition de marchandise, de services postaux, d\u2019impression de documents et autres services d\u2019affaires. Avec plus de 360\u00a0centres r\u00e9partis dans 70\u00a0march\u00e9s au Canada, vous trouverez un centre The UPS Store facile d\u2019acc\u00e8s pour vous, vos employ\u00e9s, vos &hellip; <a href=\"https:\/\/www.theupsstore.ca\/fr\/entreprises\/\">Continued<\/a><\/p>\n","protected":false},"author":4,"featured_media":957,"parent":0,"menu_order":0,"comment_status":"closed","ping_status":"closed","template":"page-section.php","meta":{"footnotes":""},"class_list":["post-864","page","type-page","status-publish","has-post-thumbnail","hentry"],"_links":{"self":[{"href":"https:\/\/www.theupsstore.ca\/fr\/wp-json\/wp\/v2\/pages\/864","targetHints":{"allow":["GET"]}}],"collection":[{"href":"https:\/\/www.theupsstore.ca\/fr\/wp-json\/wp\/v2\/pages"}],"about":[{"href":"https:\/\/www.theupsstore.ca\/fr\/wp-json\/wp\/v2\/types\/page"}],"author":[{"embeddable":true,"href":"https:\/\/www.theupsstore.ca\/fr\/wp-json\/wp\/v2\/users\/4"}],"replies":[{"embeddable":true,"href":"https:\/\/www.theupsstore.ca\/fr\/wp-json\/wp\/v2\/comments?post=864"}],"version-history":[{"count":0,"href":"https:\/\/www.theupsstore.ca\/fr\/wp-json\/wp\/v2\/pages\/864\/revisions"}],"wp:featuredmedia":[{"embeddable":true,"href":"https:\/\/www.theupsstore.ca\/fr\/wp-json\/wp\/v2\/media\/957"}],"wp:attachment":[{"href":"https:\/\/www.theupsstore.ca\/fr\/wp-json\/wp\/v2\/media?parent=864"}],"curies":[{"name":"wp","href":"https:\/\/api.w.org\/{rel}","templated":true}]}}