{"id":59624,"date":"2021-09-21T11:15:45","date_gmt":"2021-09-21T15:15:45","guid":{"rendered":"https:\/\/www.theupsstore.ca\/?page_id=59624"},"modified":"2021-09-21T12:01:22","modified_gmt":"2021-09-21T16:01:22","slug":"services-de-dechiquetage","status":"publish","type":"page","link":"https:\/\/www.theupsstore.ca\/fr\/solutions-petites-entreprises\/services-de-dechiquetage\/","title":{"rendered":"Services de d\u00e9chiquetage"},"content":{"rendered":"<div class=\"wp-editor-content\"><h3>Services de d\u00e9chiquetage<\/h3>\n<p><span style=\"font-weight: 400;\">Besoin de d\u00e9chiqueter vos documents personnels et professionnels ? Les centres The UPS Store sont des adresses pratiques qui peuvent r\u00e9pondre \u00e0 vos besoins !<\/span><\/p>\n<h3>Services de d\u00e9chiquetage<\/h3>\n<p><span style=\"font-weight: 400;\">Quand vient le temps de d\u00e9truire vos documents confidentiels, vous avez besoin d\u2019une personne de confiance vers qui vous tourner. D\u00e9barrassez-vous de vos documents personnels et professionnels superflus gr\u00e2ce aux services de d\u00e9chiquetage des centres The UPS Store.<\/span><\/p>\n<h3>Avantages<\/h3>\n<ul>\n<li style=\"font-weight: 400;\" aria-level=\"1\"><span style=\"font-weight: 400;\">Facile : Il suffit de nous apporter vos documents.<\/span><\/li>\n<li style=\"font-weight: 400;\" aria-level=\"1\"><span style=\"font-weight: 400;\">Sans risque : Notre solution est plus s\u00fbre que le d\u00e9chiquetage \u00e0 domicile.<\/span><\/li>\n<li style=\"font-weight: 400;\" aria-level=\"1\"><span style=\"font-weight: 400;\">Recycl\u00e9 : Une fois d\u00e9chiquet\u00e9s, vos documents sont recycl\u00e9s en toute s\u00e9curit\u00e9.<\/span><\/li>\n<li style=\"font-weight: 400;\" aria-level=\"1\"><span style=\"font-weight: 400;\">Pratique : Nous sommes situ\u00e9s pr\u00e8s de chez vous. Nul besoin de prendre rendez-vous\u2009!<\/span><\/li>\n<\/ul>\n<h3>Comment fonctionnent nos services de d\u00e9chiquetage\u2009?<\/h3>\n<p><span style=\"font-weight: 400;\">Apportez-nous vos documents\u2009; nous les p\u00e8serons et les d\u00e9poserons dans un bac verrouill\u00e9 et s\u00e9curis\u00e9 afin qu\u2019ils soient d\u00e9truits. C\u2019est aussi simple que cela.<\/span><\/p>\n<p><span style=\"font-weight: 400;\">En arri\u00e8re-plan, nous collaborerons avec Iron Mountain, notre partenaire de d\u00e9chiquetage, pour mener \u00e0 bien la destruction de vos documents. Iron Mountain est certifi\u00e9e par l\u2019Association nationale de destruction de l\u2019information et suit des proc\u00e9dures op\u00e9rationnelles fond\u00e9es sur de nombreuses ann\u00e9es d\u2019exp\u00e9rience, qui garantissent un service d\u2019une fiabilit\u00e9 et d\u2019une uniformit\u00e9 sans faille. Une fois vos documents d\u00e9truits, Iron Mountain recyclera les rebuts conform\u00e9ment aux exigences r\u00e9glementaires. Vous pouvez avoir l\u2019esprit tranquille sachant que vous prot\u00e9gez \u00e0 la fois votre entreprise et l\u2019environnement\u2009!<\/span><\/p>\n<h3>Que puis-je d\u00e9chiqueter\u2009?<\/h3>\n<p><span style=\"font-weight: 400;\">Vous pouvez d\u00e9chiqueter tous les types de papier, dont le papier d\u2019impression, les re\u00e7us, les notes et les sorties d\u2019imprimante. Et vous n\u2019avez pas \u00e0 vous soucier de retirer les agrafes, les trombones ou les chemises. Nous acceptons les documents tels qu\u2019ils sont.<\/span><\/p>\n<p><img loading=\"lazy\" decoding=\"async\" class=\"attachment-full size-full\" src=\"\/wp-content\/uploads\/2021\/01\/shredding_2.jpg\" sizes=\"auto, (max-width: 343px) 100vw, 343px\" srcset=\"\/wp-content\/uploads\/2021\/01\/shredding_2.jpg 343w, \/wp-content\/uploads\/2021\/01\/shredding_2-150x150.jpg 150w, \/wp-content\/uploads\/2021\/01\/shredding_2-300x297.jpg 300w, \/wp-content\/uploads\/2021\/01\/shredding_2-270x268.jpg 270w, \/wp-content\/uploads\/2021\/01\/shredding_2-170x169.jpg 170w, \/wp-content\/uploads\/2021\/01\/shredding_2-70x69.jpg 70w\" alt=\"\" width=\"343\" height=\"340\" \/><\/p>\n<h3>Qu\u2019est-ce que je ne peux pas d\u00e9chiqueter\u2009?<\/h3>\n<ul>\n<li style=\"font-weight: 400;\" aria-level=\"1\"><span style=\"font-weight: 400;\">Carton<\/span><\/li>\n<li style=\"font-weight: 400;\" aria-level=\"1\"><span style=\"font-weight: 400;\">Annuaires t\u00e9l\u00e9phoniques<\/span><\/li>\n<li style=\"font-weight: 400;\" aria-level=\"1\"><span style=\"font-weight: 400;\">Livres \u00e0 couverture rigide<\/span><\/li>\n<li style=\"font-weight: 400;\" aria-level=\"1\"><span style=\"font-weight: 400;\">CD et DVD<\/span><\/li>\n<li style=\"font-weight: 400;\" aria-level=\"1\"><span style=\"font-weight: 400;\">Classeurs \u00e0 trois anneaux<\/span><\/li>\n<li style=\"font-weight: 400;\" aria-level=\"1\"><span style=\"font-weight: 400;\">Reliures \u00e0 levier<\/span><\/li>\n<li style=\"font-weight: 400;\" aria-level=\"1\"><span style=\"font-weight: 400;\">Dossiers suspendus<\/span><\/li>\n<li style=\"font-weight: 400;\" aria-level=\"1\"><span style=\"font-weight: 400;\">Pochettes transparentes<\/span><\/li>\n<li style=\"font-weight: 400;\" aria-level=\"1\"><span style=\"font-weight: 400;\">Gros pince-notes<\/span><\/li>\n<\/ul>\n<p><span style=\"font-weight: 400;\">The UPS Store est l\u00e0 pour vous aider \u00e0 d\u00e9truire tous vos documents papier de mani\u00e8re conforme, s\u00fbre et \u00e9conomique. Passez nous voir d\u00e8s aujourd\u2019hui\u2009!<\/span><\/p>\n<\/div>","protected":false},"excerpt":{"rendered":"<p>Services de d\u00e9chiquetage Besoin de d\u00e9chiqueter vos documents personnels et professionnels ? Les centres The UPS Store sont des adresses pratiques qui peuvent r\u00e9pondre \u00e0 vos besoins ! Services de d\u00e9chiquetage Quand vient le temps de d\u00e9truire vos documents confidentiels, vous avez besoin d\u2019une personne de confiance vers qui vous tourner. D\u00e9barrassez-vous de vos documents &hellip; <a href=\"https:\/\/www.theupsstore.ca\/fr\/solutions-petites-entreprises\/services-de-dechiquetage\/\">Continued<\/a><\/p>\n","protected":false},"author":465,"featured_media":60363,"parent":970,"menu_order":0,"comment_status":"closed","ping_status":"closed","template":"","meta":{"footnotes":""},"class_list":["post-59624","page","type-page","status-publish","has-post-thumbnail","hentry"],"_links":{"self":[{"href":"https:\/\/www.theupsstore.ca\/fr\/wp-json\/wp\/v2\/pages\/59624","targetHints":{"allow":["GET"]}}],"collection":[{"href":"https:\/\/www.theupsstore.ca\/fr\/wp-json\/wp\/v2\/pages"}],"about":[{"href":"https:\/\/www.theupsstore.ca\/fr\/wp-json\/wp\/v2\/types\/page"}],"author":[{"embeddable":true,"href":"https:\/\/www.theupsstore.ca\/fr\/wp-json\/wp\/v2\/users\/465"}],"replies":[{"embeddable":true,"href":"https:\/\/www.theupsstore.ca\/fr\/wp-json\/wp\/v2\/comments?post=59624"}],"version-history":[{"count":0,"href":"https:\/\/www.theupsstore.ca\/fr\/wp-json\/wp\/v2\/pages\/59624\/revisions"}],"up":[{"embeddable":true,"href":"https:\/\/www.theupsstore.ca\/fr\/wp-json\/wp\/v2\/pages\/970"}],"wp:featuredmedia":[{"embeddable":true,"href":"https:\/\/www.theupsstore.ca\/fr\/wp-json\/wp\/v2\/media\/60363"}],"wp:attachment":[{"href":"https:\/\/www.theupsstore.ca\/fr\/wp-json\/wp\/v2\/media?parent=59624"}],"curies":[{"name":"wp","href":"https:\/\/api.w.org\/{rel}","templated":true}]}}